{"id":120,"date":"2025-07-31T21:44:50","date_gmt":"2025-07-31T21:44:50","guid":{"rendered":"https:\/\/zenkaisen.fr\/?page_id=120"},"modified":"2025-12-16T00:27:00","modified_gmt":"2025-12-16T00:27:00","slug":"svetelny-vrchol","status":"publish","type":"page","link":"https:\/\/zenkaisen.fr\/cs\/svetelny-vrchol\/","title":{"rendered":"Light Peak"},"content":{"rendered":"<p>Cestu probuzen\u00ed, kterou z Indie p\u0159edal Buddha \u0160\u00e1kjamuni a v japonsk\u00e9 podob\u011b pak mistr Eihei D\u00f3gen, n\u00e1m p\u0159edal velk\u00fd mision\u00e1\u0159 Mokudo Taisen De\u0161imaru. Tento \u017eiv\u00fd zen zt\u011bles\u0148uje mistr Sando Kaisen, kter\u00fd zde vede m\u011bs\u00ed\u010dn\u00ed \u00fastran\u00ed a tak\u00e9 jarn\u00ed a podzimn\u00ed \u00fastran\u00ed. krom\u011b \u00absv\u011btl\u00e9ho vrcholu\u00bb se po\u0159\u00e1daj\u00ed \u010detn\u00e1 \u00fastran\u00ed v dal\u0161\u00edch \u0161esti zem\u00edch.<\/p>\n\n\n\n<p>Cesta nen\u00ed nic jin\u00e9ho ne\u017e tich\u00e9, nezaujat\u00e9 sezen\u00ed, kter\u00e9 je j\u00e1drem v\u0161ech \u010dinnost\u00ed.Toto sezen\u00ed nen\u00ed meditac\u00ed, proto\u017ee se neup\u00edn\u00e1 na \u017e\u00e1dn\u00fd p\u0159edm\u011bt ani se nesoust\u0159ed\u00ed na \u017e\u00e1dn\u00fd ment\u00e1ln\u00ed obsah.Je dobr\u00e9 si uv\u011bdomit, \u017ee jsme v\u017edy m\u011bli buddhovskou p\u0159irozenost.Ani\u017e bychom sledovali n\u011bjak\u00fd c\u00edl, jde o to, abychom byli p\u0159\u00edtomni b\u011bhem samotn\u00e9ho sezen\u00ed. D\u00f3gen napsal: \u00abI kdy\u017e n\u011bkte\u0159\u00ed lid\u00e9 ze zku\u0161enosti v\u011bd\u00ed, \u017ee sezen\u00ed je Buddhova dharma, nikdo nev\u00ed, jak sed\u011bt kv\u016fli sezen\u00ed.\u00bb.<\/p>\n\n\n\n<p>\u00datulky v Le Pic Lumineux maj\u00ed p\u0159\u00edchu\u0165 jednoduchosti. K t\u00e9to jednoduchosti nen\u00ed co dodat a nen\u00ed zde nic, co by nebylo v\u00fdrazem velk\u00e9 Cesty. je dobr\u00e9 sem p\u0159ij\u00edt s prostou mysl\u00ed, zbavenou v\u0161ech z\u00e1m\u011br\u016f, c\u00edl\u016f a duchovn\u011b-imaginativn\u00edho hled\u00e1n\u00ed. nen\u00ed zde \u017e\u00e1dn\u00e1 p\u0159\u00edsnost, \u017e\u00e1dn\u00e1 zvl\u00e1\u0161tn\u00ed mor\u00e1lka, \u017e\u00e1dn\u00fd p\u0159\u00edslib \u0161t\u011bst\u00ed nebo svobody. ka\u017ed\u00fd z n\u00e1s byl v\u017edy osv\u00edcen ve sv\u00e9 vlastn\u00ed Podstat\u011b. Toto \u00abka\u017ed\u00fd z n\u00e1s\u00bb tvo\u0159\u00ed od nepam\u011bti svat\u00e9 spole\u010denstv\u00ed ctihodn\u00e9ho buddhy. \u017eivot je tedy prokl\u00e1d\u00e1n zvuky, kter\u00e9 p\u0159irozen\u011b n\u00e1sledujeme, nehled\u011b na svou mysl a jej\u00ed ru\u0161iv\u00e9 tendence. \u017e\u00e1dn\u00e1 slova nemohou definovat n\u00e1dhern\u00fd kv\u011bt meditace. Prost\u00e9 sezen\u00ed\u00ab je Buddhov\u00fdm velk\u00fdm Probuzen\u00edm.<br>\"Zlod\u011bj nechal v okn\u011b m\u011bs\u00edc. <\/p>\n\n\n\n<figure data-wp-context=\"{&quot;imageId&quot;:&quot;69fb443e08404&quot;}\" data-wp-interactive=\"core\/image\" data-wp-key=\"69fb443e08404\" class=\"wp-block-image size-full wp-lightbox-container\"><img fetchpriority=\"high\" decoding=\"async\" width=\"1202\" height=\"798\" data-wp-class--hide=\"state.isContentHidden\" data-wp-class--show=\"state.isContentVisible\" data-wp-init=\"callbacks.setButtonStyles\" data-wp-on--click=\"actions.showLightbox\" data-wp-on--load=\"callbacks.setButtonStyles\" data-wp-on-window--resize=\"callbacks.setButtonStyles\" src=\"https:\/\/zenkaisen.fr\/wp-content\/uploads\/2025\/08\/ho_sho_ji.webp\" alt=\"\" class=\"wp-image-146\" srcset=\"https:\/\/zenkaisen.fr\/wp-content\/uploads\/2025\/08\/ho_sho_ji.webp 1202w, https:\/\/zenkaisen.fr\/wp-content\/uploads\/2025\/08\/ho_sho_ji-300x199.webp 300w, https:\/\/zenkaisen.fr\/wp-content\/uploads\/2025\/08\/ho_sho_ji-1024x680.webp 1024w, https:\/\/zenkaisen.fr\/wp-content\/uploads\/2025\/08\/ho_sho_ji-768x510.webp 768w\" sizes=\"(max-width: 1202px) 100vw, 1202px\" \/><button\n\t\t\tclass=\"lightbox-trigger\"\n\t\t\ttype=\"button\"\n\t\t\taria-haspopup=\"dialog\"\n\t\t\taria-label=\"Zv\u011bt\u0161it\"\n\t\t\tdata-wp-init=\"callbacks.initTriggerButton\"\n\t\t\tdata-wp-on--click=\"actions.showLightbox\"\n\t\t\tdata-wp-style--right=\"state.imageButtonRight\"\n\t\t\tdata-wp-style--top=\"state.imageButtonTop\"\n\t\t>\n\t\t\t<svg xmlns=\"http:\/\/www.w3.org\/2000\/svg\" width=\"12\" height=\"12\" fill=\"none\" viewbox=\"0 0 12 12\">\n\t\t\t\t<path fill=\"#fff\" d=\"M2 0a2 2 0 0 0-2 2v2h1.5V2a.5.5 0 0 1 .5-.5h2V0H2Zm2 10.5H2a.5.5 0 0 1-.5-.5V8H0v2a2 2 0 0 0 2 2h2v-1.5ZM8 12v-1.5h2a.5.5 0 0 0 .5-.5V8H12v2a2 2 0 0 1-2 2H8Zm2-12a2 2 0 0 1 2 2v2h-1.5V2a.5.5 0 0 0-.5-.5H8V0h2Z\" \/>\n\t\t\t<\/svg>\n\t\t<\/button><\/figure>\n\n\n\n<p><strong>Chr\u00e1m Z\u00e1\u0159\u00edc\u00edho vrcholu<\/strong><br>M\u00edsto zn\u00e1m\u00e9 jako Peyrecaty,&nbsp;<br>24170 Larzac, Francie<\/p>\n\n\n\n<p>zen-kaisen@wanadoo.fr<\/p>\n\n\n\n<p>Tel: 05 53 59 03 18<br>&nbsp; &nbsp; &nbsp; &nbsp;06 23 30 18 56<\/p>\n\n\n\n<iframe src=\"https:\/\/www.google.com\/maps\/embed?pb=!1m14!1m8!1m3!1d362691.88854554726!2d1.018761!3d44.749597!3m2!1i1024!2i768!4f13.1!3m3!1m2!1s0x12ab43a0f3daabb9%3A0xb82fedf60eb8b229!2zwqsgUGljIEx1bWluZXV4IMK7!5e0!3m2!1spl!2sus!4v1765844096083!5m2!1spl!2sus\" width=\"100%\" height=\"450\" style=\"border:0;\" allowfullscreen=\"\" loading=\"lazy\" referrerpolicy=\"no-referrer-when-downgrade\"><\/iframe>\n\n\n\n<p><\/p>","protected":false},"excerpt":{"rendered":"<p>La Voie de l\u2019\u00c9veil qui fut transmise depuis l\u2019Inde par le Bouddha Shakyamuni, puis, sous sa forme japonaise, par ma\u00eetre Eihei Dogen, nous fut l\u00e9gu\u00e9e par le grand missionnaire Mokudo [&hellip;]<\/p>\n","protected":false},"author":1,"featured_media":364,"parent":0,"menu_order":0,"comment_status":"closed","ping_status":"closed","template":"","meta":{"_acf_changed":false,"footnotes":""},"class_list":["post-120","page","type-page","status-publish","has-post-thumbnail","hentry"],"acf":[],"yoast_head":"<!-- This site is optimized with the Yoast SEO plugin v27.5 - https:\/\/yoast.com\/product\/yoast-seo-wordpress\/ -->\n<title>Pic Lumineux - Le Zen de Kaisen<\/title>\n<meta name=\"robots\" content=\"index, follow, max-snippet:-1, max-image-preview:large, max-video-preview:-1\" \/>\n<link rel=\"canonical\" href=\"https:\/\/zenkaisen.fr\/cs\/svetelny-vrchol\/\" \/>\n<meta property=\"og:locale\" content=\"cs_CZ\" \/>\n<meta property=\"og:type\" content=\"article\" \/>\n<meta property=\"og:title\" content=\"Pic Lumineux - Le Zen de Kaisen\" \/>\n<meta property=\"og:description\" content=\"La Voie de l\u2019\u00c9veil qui fut transmise depuis l\u2019Inde par le Bouddha Shakyamuni, puis, sous sa forme japonaise, par ma\u00eetre Eihei Dogen, nous fut l\u00e9gu\u00e9e par le grand missionnaire Mokudo [&hellip;]\" \/>\n<meta property=\"og:url\" content=\"https:\/\/zenkaisen.fr\/cs\/svetelny-vrchol\/\" \/>\n<meta property=\"og:site_name\" content=\"Le Zen de Kaisen\" \/>\n<meta property=\"article:modified_time\" content=\"2025-12-16T00:27:00+00:00\" \/>\n<meta property=\"og:image\" content=\"https:\/\/zenkaisen.fr\/wp-content\/uploads\/2025\/09\/monastery.jpg\" \/>\n\t<meta property=\"og:image:width\" content=\"2362\" \/>\n\t<meta property=\"og:image:height\" content=\"1080\" \/>\n\t<meta property=\"og:image:type\" content=\"image\/jpeg\" \/>\n<meta name=\"twitter:card\" content=\"summary_large_image\" \/>\n<meta name=\"twitter:label1\" content=\"Odhadovan\u00e1 doba \u010dten\u00ed\" \/>\n\t<meta name=\"twitter:data1\" content=\"3 minuty\" \/>\n<script type=\"application\/ld+json\" class=\"yoast-schema-graph\">{\"@context\":\"https:\\\/\\\/schema.org\",\"@graph\":[{\"@type\":\"WebPage\",\"@id\":\"https:\\\/\\\/zenkaisen.fr\\\/pic-lumineux\\\/\",\"url\":\"https:\\\/\\\/zenkaisen.fr\\\/pic-lumineux\\\/\",\"name\":\"Pic Lumineux - Le Zen de Kaisen\",\"isPartOf\":{\"@id\":\"https:\\\/\\\/zenkaisen.fr\\\/ru\\\/#website\"},\"primaryImageOfPage\":{\"@id\":\"https:\\\/\\\/zenkaisen.fr\\\/pic-lumineux\\\/#primaryimage\"},\"image\":{\"@id\":\"https:\\\/\\\/zenkaisen.fr\\\/pic-lumineux\\\/#primaryimage\"},\"thumbnailUrl\":\"https:\\\/\\\/zenkaisen.fr\\\/wp-content\\\/uploads\\\/2025\\\/09\\\/monastery.jpg\",\"datePublished\":\"2025-07-31T21:44:50+00:00\",\"dateModified\":\"2025-12-16T00:27:00+00:00\",\"breadcrumb\":{\"@id\":\"https:\\\/\\\/zenkaisen.fr\\\/pic-lumineux\\\/#breadcrumb\"},\"inLanguage\":\"cs\",\"potentialAction\":[{\"@type\":\"ReadAction\",\"target\":[\"https:\\\/\\\/zenkaisen.fr\\\/pic-lumineux\\\/\"]}]},{\"@type\":\"ImageObject\",\"inLanguage\":\"cs\",\"@id\":\"https:\\\/\\\/zenkaisen.fr\\\/pic-lumineux\\\/#primaryimage\",\"url\":\"https:\\\/\\\/zenkaisen.fr\\\/wp-content\\\/uploads\\\/2025\\\/09\\\/monastery.jpg\",\"contentUrl\":\"https:\\\/\\\/zenkaisen.fr\\\/wp-content\\\/uploads\\\/2025\\\/09\\\/monastery.jpg\",\"width\":2362,\"height\":1080},{\"@type\":\"BreadcrumbList\",\"@id\":\"https:\\\/\\\/zenkaisen.fr\\\/pic-lumineux\\\/#breadcrumb\",\"itemListElement\":[{\"@type\":\"ListItem\",\"position\":1,\"name\":\"Strona g\u0142\u00f3wna\",\"item\":\"https:\\\/\\\/zenkaisen.fr\\\/\"},{\"@type\":\"ListItem\",\"position\":2,\"name\":\"Pic Lumineux\"}]},{\"@type\":\"WebSite\",\"@id\":\"https:\\\/\\\/zenkaisen.fr\\\/ru\\\/#website\",\"url\":\"https:\\\/\\\/zenkaisen.fr\\\/ru\\\/\",\"name\":\"Le Zen de Kaisen\",\"description\":\"Zen\",\"publisher\":{\"@id\":\"https:\\\/\\\/zenkaisen.fr\\\/ru\\\/#organization\"},\"potentialAction\":[{\"@type\":\"SearchAction\",\"target\":{\"@type\":\"EntryPoint\",\"urlTemplate\":\"https:\\\/\\\/zenkaisen.fr\\\/ru\\\/?s={search_term_string}\"},\"query-input\":{\"@type\":\"PropertyValueSpecification\",\"valueRequired\":true,\"valueName\":\"search_term_string\"}}],\"inLanguage\":\"cs\"},{\"@type\":\"Organization\",\"@id\":\"https:\\\/\\\/zenkaisen.fr\\\/ru\\\/#organization\",\"name\":\"Le Zen de Kaisen\",\"url\":\"https:\\\/\\\/zenkaisen.fr\\\/ru\\\/\",\"logo\":{\"@type\":\"ImageObject\",\"inLanguage\":\"cs\",\"@id\":\"https:\\\/\\\/zenkaisen.fr\\\/ru\\\/#\\\/schema\\\/logo\\\/image\\\/\",\"url\":\"https:\\\/\\\/zenkaisen.fr\\\/wp-content\\\/uploads\\\/2025\\\/07\\\/logo.png\",\"contentUrl\":\"https:\\\/\\\/zenkaisen.fr\\\/wp-content\\\/uploads\\\/2025\\\/07\\\/logo.png\",\"width\":300,\"height\":300,\"caption\":\"Le Zen de Kaisen\"},\"image\":{\"@id\":\"https:\\\/\\\/zenkaisen.fr\\\/ru\\\/#\\\/schema\\\/logo\\\/image\\\/\"}}]}<\/script>\n<!-- \/ Yoast SEO plugin. -->","yoast_head_json":{"title":"Sv\u011bteln\u00fd h\u0159eb\u00edk \u2013 Zen Kaisen","robots":{"index":"index","follow":"follow","max-snippet":"max-snippet:-1","max-image-preview":"max-image-preview:large","max-video-preview":"max-video-preview:-1"},"canonical":"https:\/\/zenkaisen.fr\/cs\/svetelny-vrchol\/","og_locale":"cs_CZ","og_type":"article","og_title":"Pic Lumineux - Le Zen de Kaisen","og_description":"La Voie de l\u2019\u00c9veil qui fut transmise depuis l\u2019Inde par le Bouddha Shakyamuni, puis, sous sa forme japonaise, par ma\u00eetre Eihei Dogen, nous fut l\u00e9gu\u00e9e par le grand missionnaire Mokudo [&hellip;]","og_url":"https:\/\/zenkaisen.fr\/cs\/svetelny-vrchol\/","og_site_name":"Le Zen de Kaisen","article_modified_time":"2025-12-16T00:27:00+00:00","og_image":[{"width":2362,"height":1080,"url":"https:\/\/zenkaisen.fr\/wp-content\/uploads\/2025\/09\/monastery.jpg","type":"image\/jpeg"}],"twitter_card":"summary_large_image","twitter_misc":{"Odhadovan\u00e1 doba \u010dten\u00ed":"3 minuty"},"schema":{"@context":"https:\/\/schema.org","@graph":[{"@type":"WebPage","@id":"https:\/\/zenkaisen.fr\/pic-lumineux\/","url":"https:\/\/zenkaisen.fr\/pic-lumineux\/","name":"Sv\u011bteln\u00fd h\u0159eb\u00edk \u2013 Zen Kaisen","isPartOf":{"@id":"https:\/\/zenkaisen.fr\/ru\/#website"},"primaryImageOfPage":{"@id":"https:\/\/zenkaisen.fr\/pic-lumineux\/#primaryimage"},"image":{"@id":"https:\/\/zenkaisen.fr\/pic-lumineux\/#primaryimage"},"thumbnailUrl":"https:\/\/zenkaisen.fr\/wp-content\/uploads\/2025\/09\/monastery.jpg","datePublished":"2025-07-31T21:44:50+00:00","dateModified":"2025-12-16T00:27:00+00:00","breadcrumb":{"@id":"https:\/\/zenkaisen.fr\/pic-lumineux\/#breadcrumb"},"inLanguage":"cs","potentialAction":[{"@type":"ReadAction","target":["https:\/\/zenkaisen.fr\/pic-lumineux\/"]}]},{"@type":"ImageObject","inLanguage":"cs","@id":"https:\/\/zenkaisen.fr\/pic-lumineux\/#primaryimage","url":"https:\/\/zenkaisen.fr\/wp-content\/uploads\/2025\/09\/monastery.jpg","contentUrl":"https:\/\/zenkaisen.fr\/wp-content\/uploads\/2025\/09\/monastery.jpg","width":2362,"height":1080},{"@type":"BreadcrumbList","@id":"https:\/\/zenkaisen.fr\/pic-lumineux\/#breadcrumb","itemListElement":[{"@type":"ListItem","position":1,"name":"Strona g\u0142\u00f3wna","item":"https:\/\/zenkaisen.fr\/"},{"@type":"ListItem","position":2,"name":"Pic Lumineux"}]},{"@type":"WebSite","@id":"https:\/\/zenkaisen.fr\/ru\/#website","url":"https:\/\/zenkaisen.fr\/ru\/","name":"Zen Kaisen","description":"Zen","publisher":{"@id":"https:\/\/zenkaisen.fr\/ru\/#organization"},"potentialAction":[{"@type":"SearchAction","target":{"@type":"EntryPoint","urlTemplate":"https:\/\/zenkaisen.fr\/ru\/?s={search_term_string}"},"query-input":{"@type":"PropertyValueSpecification","valueRequired":true,"valueName":"search_term_string"}}],"inLanguage":"cs"},{"@type":"Organization","@id":"https:\/\/zenkaisen.fr\/ru\/#organization","name":"Zen Kaisen","url":"https:\/\/zenkaisen.fr\/ru\/","logo":{"@type":"ImageObject","inLanguage":"cs","@id":"https:\/\/zenkaisen.fr\/ru\/#\/schema\/logo\/image\/","url":"https:\/\/zenkaisen.fr\/wp-content\/uploads\/2025\/07\/logo.png","contentUrl":"https:\/\/zenkaisen.fr\/wp-content\/uploads\/2025\/07\/logo.png","width":300,"height":300,"caption":"Le Zen de Kaisen"},"image":{"@id":"https:\/\/zenkaisen.fr\/ru\/#\/schema\/logo\/image\/"}}]}},"_links":{"self":[{"href":"https:\/\/zenkaisen.fr\/cs\/wp-json\/wp\/v2\/pages\/120","targetHints":{"allow":["GET"]}}],"collection":[{"href":"https:\/\/zenkaisen.fr\/cs\/wp-json\/wp\/v2\/pages"}],"about":[{"href":"https:\/\/zenkaisen.fr\/cs\/wp-json\/wp\/v2\/types\/page"}],"author":[{"embeddable":true,"href":"https:\/\/zenkaisen.fr\/cs\/wp-json\/wp\/v2\/users\/1"}],"replies":[{"embeddable":true,"href":"https:\/\/zenkaisen.fr\/cs\/wp-json\/wp\/v2\/comments?post=120"}],"version-history":[{"count":16,"href":"https:\/\/zenkaisen.fr\/cs\/wp-json\/wp\/v2\/pages\/120\/revisions"}],"predecessor-version":[{"id":2327,"href":"https:\/\/zenkaisen.fr\/cs\/wp-json\/wp\/v2\/pages\/120\/revisions\/2327"}],"wp:featuredmedia":[{"embeddable":true,"href":"https:\/\/zenkaisen.fr\/cs\/wp-json\/wp\/v2\/media\/364"}],"wp:attachment":[{"href":"https:\/\/zenkaisen.fr\/cs\/wp-json\/wp\/v2\/media?parent=120"}],"curies":[{"name":"wp","href":"https:\/\/api.w.org\/{rel}","templated":true}]}}