{"id":120,"date":"2025-07-31T21:44:50","date_gmt":"2025-07-31T21:44:50","guid":{"rendered":"https:\/\/zenkaisen.fr\/?page_id=120"},"modified":"2025-12-16T00:27:00","modified_gmt":"2025-12-16T00:27:00","slug":"lekki-szczyt","status":"publish","type":"page","link":"https:\/\/zenkaisen.fr\/pl\/lekki-szczyt\/","title":{"rendered":"Klasztor Ho Sho Ji"},"content":{"rendered":"<p>Droga Przebudzenia, przekazana z Indii przez Budd\u0119 Siakjamuniego, a nast\u0119pnie w japo\u0144skiej formie przez mistrza Eihei Dogena, zosta\u0142a nam przekazana przez wielkiego misjonarza Mokudo Taisen Deshimaru. Ten \u017cywy Zen jest uciele\u015bniany przez mistrza Sando Kaisena, kt\u00f3ry prowadzi tutaj comiesi\u0119czne odosobnienia, a tak\u017ce odosobnienia wiosenne i jesienne. Opr\u00f3cz \u00ab\u015awietlistego Szczytu\u00bb, liczne odosobnienia s\u0105 organizowane w sze\u015bciu innych krajach.<\/p>\n\n\n\n<p>Droga to nic innego jak ciche, bezinteresowne siedzenie, kt\u00f3re jest sercem wszystkich dzia\u0142a\u0144. To siedzenie nie jest medytacj\u0105, poniewa\u017c nie skupia si\u0119 na \u017cadnym przedmiocie ani nie koncentruje si\u0119 na \u017cadnej tre\u015bci mentalnej. Dobrze jest rozpozna\u0107, \u017ce zawsze mieli\u015bmy Natur\u0119 Buddy. Bez d\u0105\u017cenia do jakiegokolwiek celu, jest to kwestia bycia obecnym podczas samego siedzenia. Dogen napisa\u0142: \u00abNawet je\u015bli niekt\u00f3rzy ludzie wiedz\u0105 z do\u015bwiadczenia, \u017ce siedzenie jest Dharm\u0105 Buddy, nikt nie wie, jak siedzie\u0107 dla samego siedzenia\u00bb.<\/p>\n\n\n\n<p>Odosobnienia w Le Pic Lumineux maj\u0105 smak prostoty. Nie ma nic do dodania do tej prostoty i nie ma nic, co nie jest wyrazem wielkiej Drogi. Dobrze jest przyby\u0107 tutaj z prostym umys\u0142em, pozbawionym wszelkich intencji, wszelkich cel\u00f3w i wszelkich duchowo-wyobra\u017ceniowych poszukiwa\u0144. Tutaj nie ma surowo\u015bci, \u017cadnej szczeg\u00f3lnej moralno\u015bci, \u017cadnej obietnicy szcz\u0119\u015bcia czy wolno\u015bci. Ka\u017cdy z nas zawsze by\u0142 o\u015bwiecony w swojej w\u0142asnej Esencji. Ten \u00abka\u017cdy z nas\u00bb od niepami\u0119tnych czas\u00f3w tworzy\u0142 \u015bwi\u0119t\u0105 Wsp\u00f3lnot\u0119 czcigodnego Buddy. Tak wi\u0119c \u017cycie jest przerywane d\u017awi\u0119kami, za kt\u00f3rymi pod\u0105\u017camy naturalnie, lekcewa\u017c\u0105c nasz umys\u0142 i jego destrukcyjne tendencje. \u017badne s\u0142owa nie s\u0105 w stanie zdefiniowa\u0107 cudownego kwiatu medytacji. Po prostu siedzenie\u00ab jest wielkim Przebudzeniem Buddy.<br>\u00abZ\u0142odziej zostawi\u0142 ksi\u0119\u017cyc w oknie. <\/p>\n\n\n\n<figure data-wp-context=\"{&quot;imageId&quot;:&quot;6a04acc20c624&quot;}\" data-wp-interactive=\"core\/image\" data-wp-key=\"6a04acc20c624\" class=\"wp-block-image size-full wp-lightbox-container\"><img fetchpriority=\"high\" decoding=\"async\" width=\"1202\" height=\"798\" data-wp-class--hide=\"state.isContentHidden\" data-wp-class--show=\"state.isContentVisible\" data-wp-init=\"callbacks.setButtonStyles\" data-wp-on--click=\"actions.showLightbox\" data-wp-on--load=\"callbacks.setButtonStyles\" data-wp-on-window--resize=\"callbacks.setButtonStyles\" src=\"https:\/\/zenkaisen.fr\/wp-content\/uploads\/2025\/08\/ho_sho_ji.webp\" alt=\"\" class=\"wp-image-146\" srcset=\"https:\/\/zenkaisen.fr\/wp-content\/uploads\/2025\/08\/ho_sho_ji.webp 1202w, https:\/\/zenkaisen.fr\/wp-content\/uploads\/2025\/08\/ho_sho_ji-300x199.webp 300w, https:\/\/zenkaisen.fr\/wp-content\/uploads\/2025\/08\/ho_sho_ji-1024x680.webp 1024w, https:\/\/zenkaisen.fr\/wp-content\/uploads\/2025\/08\/ho_sho_ji-768x510.webp 768w\" sizes=\"(max-width: 1202px) 100vw, 1202px\" \/><button\n\t\t\tclass=\"lightbox-trigger\"\n\t\t\ttype=\"button\"\n\t\t\taria-haspopup=\"dialog\"\n\t\t\taria-label=\"Powi\u0119ksz\"\n\t\t\tdata-wp-init=\"callbacks.initTriggerButton\"\n\t\t\tdata-wp-on--click=\"actions.showLightbox\"\n\t\t\tdata-wp-style--right=\"state.imageButtonRight\"\n\t\t\tdata-wp-style--top=\"state.imageButtonTop\"\n\t\t>\n\t\t\t<svg xmlns=\"http:\/\/www.w3.org\/2000\/svg\" width=\"12\" height=\"12\" fill=\"none\" viewbox=\"0 0 12 12\">\n\t\t\t\t<path fill=\"#fff\" d=\"M2 0a2 2 0 0 0-2 2v2h1.5V2a.5.5 0 0 1 .5-.5h2V0H2Zm2 10.5H2a.5.5 0 0 1-.5-.5V8H0v2a2 2 0 0 0 2 2h2v-1.5ZM8 12v-1.5h2a.5.5 0 0 0 .5-.5V8H12v2a2 2 0 0 1-2 2H8Zm2-12a2 2 0 0 1 2 2v2h-1.5V2a.5.5 0 0 0-.5-.5H8V0h2Z\" \/>\n\t\t\t<\/svg>\n\t\t<\/button><\/figure>\n\n\n\n<p><strong>\u015awi\u0105tynia L\u015bni\u0105cego Szczytu\u00ab<\/strong><br>Miejsce znane jako Peyrecaty,&nbsp;<br>24170 Larzac, Francja<\/p>\n\n\n\n<p>zen-kaisen@wanadoo.fr<\/p>\n\n\n\n<p>Tel: 05 53 59 03 18<br>&nbsp; &nbsp; &nbsp; &nbsp;06 23 30 18 56<\/p>\n\n\n\n<iframe src=\"https:\/\/www.google.com\/maps\/embed?pb=!1m14!1m8!1m3!1d362691.88854554726!2d1.018761!3d44.749597!3m2!1i1024!2i768!4f13.1!3m3!1m2!1s0x12ab43a0f3daabb9%3A0xb82fedf60eb8b229!2zwqsgUGljIEx1bWluZXV4IMK7!5e0!3m2!1spl!2sus!4v1765844096083!5m2!1spl!2sus\" width=\"100%\" height=\"450\" style=\"border:0;\" allowfullscreen=\"\" loading=\"lazy\" referrerpolicy=\"no-referrer-when-downgrade\"><\/iframe>\n\n\n\n<p><\/p>","protected":false},"excerpt":{"rendered":"<p>La Voie de l\u2019\u00c9veil qui fut transmise depuis l\u2019Inde par le Bouddha Shakyamuni, puis, sous sa forme japonaise, par ma\u00eetre Eihei Dogen, nous fut l\u00e9gu\u00e9e par le grand missionnaire Mokudo [&hellip;]<\/p>\n","protected":false},"author":1,"featured_media":364,"parent":0,"menu_order":0,"comment_status":"closed","ping_status":"closed","template":"","meta":{"_acf_changed":false,"footnotes":""},"class_list":["post-120","page","type-page","status-publish","has-post-thumbnail","hentry"],"acf":[],"yoast_head":"<!-- This site is optimized with the Yoast SEO plugin v27.6 - https:\/\/yoast.com\/product\/yoast-seo-wordpress\/ -->\n<title>Pic Lumineux - Le Zen de Kaisen<\/title>\n<meta name=\"robots\" content=\"index, follow, max-snippet:-1, max-image-preview:large, max-video-preview:-1\" \/>\n<link rel=\"canonical\" href=\"https:\/\/zenkaisen.fr\/pl\/lekki-szczyt\/\" \/>\n<meta property=\"og:locale\" content=\"pl_PL\" \/>\n<meta property=\"og:type\" content=\"article\" \/>\n<meta property=\"og:title\" content=\"Pic Lumineux - Le Zen de Kaisen\" \/>\n<meta property=\"og:description\" content=\"La Voie de l\u2019\u00c9veil qui fut transmise depuis l\u2019Inde par le Bouddha Shakyamuni, puis, sous sa forme japonaise, par ma\u00eetre Eihei Dogen, nous fut l\u00e9gu\u00e9e par le grand missionnaire Mokudo [&hellip;]\" \/>\n<meta property=\"og:url\" content=\"https:\/\/zenkaisen.fr\/pl\/lekki-szczyt\/\" \/>\n<meta property=\"og:site_name\" content=\"Le Zen de Kaisen\" \/>\n<meta property=\"article:modified_time\" content=\"2025-12-16T00:27:00+00:00\" \/>\n<meta property=\"og:image\" content=\"https:\/\/zenkaisen.fr\/wp-content\/uploads\/2025\/09\/monastery.jpg\" \/>\n\t<meta property=\"og:image:width\" content=\"2362\" \/>\n\t<meta property=\"og:image:height\" content=\"1080\" \/>\n\t<meta property=\"og:image:type\" content=\"image\/jpeg\" \/>\n<meta name=\"twitter:card\" content=\"summary_large_image\" \/>\n<meta name=\"twitter:label1\" content=\"Szacowany czas czytania\" \/>\n\t<meta name=\"twitter:data1\" content=\"3 minuty\" \/>\n<script type=\"application\/ld+json\" class=\"yoast-schema-graph\">{\"@context\":\"https:\\\/\\\/schema.org\",\"@graph\":[{\"@type\":\"WebPage\",\"@id\":\"https:\\\/\\\/zenkaisen.fr\\\/pic-lumineux\\\/\",\"url\":\"https:\\\/\\\/zenkaisen.fr\\\/pic-lumineux\\\/\",\"name\":\"Pic Lumineux - Le Zen de Kaisen\",\"isPartOf\":{\"@id\":\"https:\\\/\\\/zenkaisen.fr\\\/ru\\\/#website\"},\"primaryImageOfPage\":{\"@id\":\"https:\\\/\\\/zenkaisen.fr\\\/pic-lumineux\\\/#primaryimage\"},\"image\":{\"@id\":\"https:\\\/\\\/zenkaisen.fr\\\/pic-lumineux\\\/#primaryimage\"},\"thumbnailUrl\":\"https:\\\/\\\/zenkaisen.fr\\\/wp-content\\\/uploads\\\/2025\\\/09\\\/monastery.jpg\",\"datePublished\":\"2025-07-31T21:44:50+00:00\",\"dateModified\":\"2025-12-16T00:27:00+00:00\",\"breadcrumb\":{\"@id\":\"https:\\\/\\\/zenkaisen.fr\\\/pic-lumineux\\\/#breadcrumb\"},\"inLanguage\":\"pl-PL\",\"potentialAction\":[{\"@type\":\"ReadAction\",\"target\":[\"https:\\\/\\\/zenkaisen.fr\\\/pic-lumineux\\\/\"]}]},{\"@type\":\"ImageObject\",\"inLanguage\":\"pl-PL\",\"@id\":\"https:\\\/\\\/zenkaisen.fr\\\/pic-lumineux\\\/#primaryimage\",\"url\":\"https:\\\/\\\/zenkaisen.fr\\\/wp-content\\\/uploads\\\/2025\\\/09\\\/monastery.jpg\",\"contentUrl\":\"https:\\\/\\\/zenkaisen.fr\\\/wp-content\\\/uploads\\\/2025\\\/09\\\/monastery.jpg\",\"width\":2362,\"height\":1080},{\"@type\":\"BreadcrumbList\",\"@id\":\"https:\\\/\\\/zenkaisen.fr\\\/pic-lumineux\\\/#breadcrumb\",\"itemListElement\":[{\"@type\":\"ListItem\",\"position\":1,\"name\":\"Strona g\u0142\u00f3wna\",\"item\":\"https:\\\/\\\/zenkaisen.fr\\\/\"},{\"@type\":\"ListItem\",\"position\":2,\"name\":\"Pic Lumineux\"}]},{\"@type\":\"WebSite\",\"@id\":\"https:\\\/\\\/zenkaisen.fr\\\/ru\\\/#website\",\"url\":\"https:\\\/\\\/zenkaisen.fr\\\/ru\\\/\",\"name\":\"Le Zen de Kaisen\",\"description\":\"Zen\",\"publisher\":{\"@id\":\"https:\\\/\\\/zenkaisen.fr\\\/ru\\\/#organization\"},\"potentialAction\":[{\"@type\":\"SearchAction\",\"target\":{\"@type\":\"EntryPoint\",\"urlTemplate\":\"https:\\\/\\\/zenkaisen.fr\\\/ru\\\/?s={search_term_string}\"},\"query-input\":{\"@type\":\"PropertyValueSpecification\",\"valueRequired\":true,\"valueName\":\"search_term_string\"}}],\"inLanguage\":\"pl-PL\"},{\"@type\":\"Organization\",\"@id\":\"https:\\\/\\\/zenkaisen.fr\\\/ru\\\/#organization\",\"name\":\"Le Zen de Kaisen\",\"url\":\"https:\\\/\\\/zenkaisen.fr\\\/ru\\\/\",\"logo\":{\"@type\":\"ImageObject\",\"inLanguage\":\"pl-PL\",\"@id\":\"https:\\\/\\\/zenkaisen.fr\\\/ru\\\/#\\\/schema\\\/logo\\\/image\\\/\",\"url\":\"https:\\\/\\\/zenkaisen.fr\\\/wp-content\\\/uploads\\\/2025\\\/07\\\/logo.png\",\"contentUrl\":\"https:\\\/\\\/zenkaisen.fr\\\/wp-content\\\/uploads\\\/2025\\\/07\\\/logo.png\",\"width\":300,\"height\":300,\"caption\":\"Le Zen de Kaisen\"},\"image\":{\"@id\":\"https:\\\/\\\/zenkaisen.fr\\\/ru\\\/#\\\/schema\\\/logo\\\/image\\\/\"}}]}<\/script>\n<!-- \/ Yoast SEO plugin. -->","yoast_head_json":{"title":"\u015awiec\u0105cy szpikulec \u2013 Zen Kaisen","robots":{"index":"index","follow":"follow","max-snippet":"max-snippet:-1","max-image-preview":"max-image-preview:large","max-video-preview":"max-video-preview:-1"},"canonical":"https:\/\/zenkaisen.fr\/pl\/lekki-szczyt\/","og_locale":"pl_PL","og_type":"article","og_title":"Pic Lumineux - Le Zen de Kaisen","og_description":"La Voie de l\u2019\u00c9veil qui fut transmise depuis l\u2019Inde par le Bouddha Shakyamuni, puis, sous sa forme japonaise, par ma\u00eetre Eihei Dogen, nous fut l\u00e9gu\u00e9e par le grand missionnaire Mokudo [&hellip;]","og_url":"https:\/\/zenkaisen.fr\/pl\/lekki-szczyt\/","og_site_name":"Le Zen de Kaisen","article_modified_time":"2025-12-16T00:27:00+00:00","og_image":[{"width":2362,"height":1080,"url":"https:\/\/zenkaisen.fr\/wp-content\/uploads\/2025\/09\/monastery.jpg","type":"image\/jpeg"}],"twitter_card":"summary_large_image","twitter_misc":{"Szacowany czas czytania":"3 minuty"},"schema":{"@context":"https:\/\/schema.org","@graph":[{"@type":"WebPage","@id":"https:\/\/zenkaisen.fr\/pic-lumineux\/","url":"https:\/\/zenkaisen.fr\/pic-lumineux\/","name":"\u015awiec\u0105cy szpikulec \u2013 Zen Kaisen","isPartOf":{"@id":"https:\/\/zenkaisen.fr\/ru\/#website"},"primaryImageOfPage":{"@id":"https:\/\/zenkaisen.fr\/pic-lumineux\/#primaryimage"},"image":{"@id":"https:\/\/zenkaisen.fr\/pic-lumineux\/#primaryimage"},"thumbnailUrl":"https:\/\/zenkaisen.fr\/wp-content\/uploads\/2025\/09\/monastery.jpg","datePublished":"2025-07-31T21:44:50+00:00","dateModified":"2025-12-16T00:27:00+00:00","breadcrumb":{"@id":"https:\/\/zenkaisen.fr\/pic-lumineux\/#breadcrumb"},"inLanguage":"pl-PL","potentialAction":[{"@type":"ReadAction","target":["https:\/\/zenkaisen.fr\/pic-lumineux\/"]}]},{"@type":"ImageObject","inLanguage":"pl-PL","@id":"https:\/\/zenkaisen.fr\/pic-lumineux\/#primaryimage","url":"https:\/\/zenkaisen.fr\/wp-content\/uploads\/2025\/09\/monastery.jpg","contentUrl":"https:\/\/zenkaisen.fr\/wp-content\/uploads\/2025\/09\/monastery.jpg","width":2362,"height":1080},{"@type":"BreadcrumbList","@id":"https:\/\/zenkaisen.fr\/pic-lumineux\/#breadcrumb","itemListElement":[{"@type":"ListItem","position":1,"name":"Strona g\u0142\u00f3wna","item":"https:\/\/zenkaisen.fr\/"},{"@type":"ListItem","position":2,"name":"Pic Lumineux"}]},{"@type":"WebSite","@id":"https:\/\/zenkaisen.fr\/ru\/#website","url":"https:\/\/zenkaisen.fr\/ru\/","name":"Zen Kaisen","description":"Zen","publisher":{"@id":"https:\/\/zenkaisen.fr\/ru\/#organization"},"potentialAction":[{"@type":"SearchAction","target":{"@type":"EntryPoint","urlTemplate":"https:\/\/zenkaisen.fr\/ru\/?s={search_term_string}"},"query-input":{"@type":"PropertyValueSpecification","valueRequired":true,"valueName":"search_term_string"}}],"inLanguage":"pl-PL"},{"@type":"Organization","@id":"https:\/\/zenkaisen.fr\/ru\/#organization","name":"Zen Kaisen","url":"https:\/\/zenkaisen.fr\/ru\/","logo":{"@type":"ImageObject","inLanguage":"pl-PL","@id":"https:\/\/zenkaisen.fr\/ru\/#\/schema\/logo\/image\/","url":"https:\/\/zenkaisen.fr\/wp-content\/uploads\/2025\/07\/logo.png","contentUrl":"https:\/\/zenkaisen.fr\/wp-content\/uploads\/2025\/07\/logo.png","width":300,"height":300,"caption":"Le Zen de Kaisen"},"image":{"@id":"https:\/\/zenkaisen.fr\/ru\/#\/schema\/logo\/image\/"}}]}},"_links":{"self":[{"href":"https:\/\/zenkaisen.fr\/pl\/wp-json\/wp\/v2\/pages\/120","targetHints":{"allow":["GET"]}}],"collection":[{"href":"https:\/\/zenkaisen.fr\/pl\/wp-json\/wp\/v2\/pages"}],"about":[{"href":"https:\/\/zenkaisen.fr\/pl\/wp-json\/wp\/v2\/types\/page"}],"author":[{"embeddable":true,"href":"https:\/\/zenkaisen.fr\/pl\/wp-json\/wp\/v2\/users\/1"}],"replies":[{"embeddable":true,"href":"https:\/\/zenkaisen.fr\/pl\/wp-json\/wp\/v2\/comments?post=120"}],"version-history":[{"count":16,"href":"https:\/\/zenkaisen.fr\/pl\/wp-json\/wp\/v2\/pages\/120\/revisions"}],"predecessor-version":[{"id":2327,"href":"https:\/\/zenkaisen.fr\/pl\/wp-json\/wp\/v2\/pages\/120\/revisions\/2327"}],"wp:featuredmedia":[{"embeddable":true,"href":"https:\/\/zenkaisen.fr\/pl\/wp-json\/wp\/v2\/media\/364"}],"wp:attachment":[{"href":"https:\/\/zenkaisen.fr\/pl\/wp-json\/wp\/v2\/media?parent=120"}],"curies":[{"name":"wp","href":"https:\/\/api.w.org\/{rel}","templated":true}]}}