{"id":2463,"date":"2025-12-24T12:03:42","date_gmt":"2025-12-24T12:03:42","guid":{"rendered":"https:\/\/zenkaisen.fr\/?page_id=2463"},"modified":"2025-12-30T17:11:10","modified_gmt":"2025-12-30T17:11:10","slug":"dar","status":"publish","type":"page","link":"https:\/\/zenkaisen.fr\/pl\/dar\/","title":{"rendered":"Dar"},"content":{"rendered":"<p>Mistrz przekazuje nauk\u0119 w spos\u00f3b bezinteresowny. Je\u015bli chcesz wyrazi\u0107 swoj\u0105 wdzi\u0119czno\u015b\u0107 poprzez dar finansowy, oto numer konta.<\/p>\n\n\n\n<p>Dzi\u0119kuj\u0119.<\/p>\n\n\n\n<form action=\"https:\/\/www.paypal.com\/donate\" method=\"post\" target=\"_top\">\n<input type=\"hidden\" name=\"hosted_button_id\" value=\"JYTPX4FPGYVQQ\" \/>\n<input type=\"image\" src=\"https:\/\/www.paypalobjects.com\/fr_FR\/FR\/i\/btn\/btn_donate_LG.gif\" border=\"0\" name=\"submit\" title=\"PayPal \u2013 bezpieczniejszy i \u0142atwiejszy spos\u00f3b p\u0142atno\u015bci online!\" alt=\"Bouton Faites un don avec PayPal\" \/>\n<img decoding=\"async\" alt=\"\" border=\"0\" src=\"https:\/\/www.paypal.com\/fr_FR\/i\/scr\/pixel.gif\" width=\"1\" height=\"1\" \/>\n<\/form>\n\n\n\n<p><strong>Konto bankowe:<\/strong><br>W\u0142a\u015bciciel konta:<br>Stowarzyszenie HO SHO JI, Lieu dit Peyrecaty, 24170 Larzac, Francja<br>IBAN: FR7612406000848000304299967<br>BIC: AGRIFRPP824<\/p>\n\n\n\n<p><\/p>","protected":false},"excerpt":{"rendered":"<p>Le Ma\u00eetre transmet l\u2019enseignement de mani\u00e8re d\u00e9sint\u00e9ress\u00e9. Si vous souhaitez lui exprimer votre reconnaissance par un don financier, voici le num\u00e9ro de compte. Merci. Compte bancaire:Titulaire du compte:Association HO SHO [&hellip;]<\/p>\n","protected":false},"author":4,"featured_media":2466,"parent":0,"menu_order":0,"comment_status":"closed","ping_status":"closed","template":"","meta":{"_acf_changed":false,"footnotes":""},"class_list":["post-2463","page","type-page","status-publish","has-post-thumbnail","hentry"],"acf":[],"yoast_head":"<!-- This site is optimized with the Yoast SEO plugin v27.4 - https:\/\/yoast.com\/product\/yoast-seo-wordpress\/ -->\n<title>Don - Le Zen de Kaisen<\/title>\n<meta name=\"robots\" content=\"index, follow, max-snippet:-1, max-image-preview:large, max-video-preview:-1\" \/>\n<link rel=\"canonical\" href=\"https:\/\/zenkaisen.fr\/pl\/dar\/\" \/>\n<meta property=\"og:locale\" content=\"pl_PL\" \/>\n<meta property=\"og:type\" content=\"article\" \/>\n<meta property=\"og:title\" content=\"Don - Le Zen de Kaisen\" \/>\n<meta property=\"og:description\" content=\"Le Ma\u00eetre transmet l\u2019enseignement de mani\u00e8re d\u00e9sint\u00e9ress\u00e9. Si vous souhaitez lui exprimer votre reconnaissance par un don financier, voici le num\u00e9ro de compte. Merci. Compte bancaire:Titulaire du compte:Association HO SHO [&hellip;]\" \/>\n<meta property=\"og:url\" content=\"https:\/\/zenkaisen.fr\/pl\/dar\/\" \/>\n<meta property=\"og:site_name\" content=\"Le Zen de Kaisen\" \/>\n<meta property=\"article:modified_time\" content=\"2025-12-30T17:11:10+00:00\" \/>\n<meta property=\"og:image\" content=\"https:\/\/zenkaisen.fr\/wp-content\/uploads\/2025\/12\/sangha.jpg\" \/>\n\t<meta property=\"og:image:width\" content=\"2000\" \/>\n\t<meta property=\"og:image:height\" content=\"1335\" \/>\n\t<meta property=\"og:image:type\" content=\"image\/jpeg\" \/>\n<meta name=\"twitter:card\" content=\"summary_large_image\" \/>\n<meta name=\"twitter:label1\" content=\"Szacowany czas czytania\" \/>\n\t<meta name=\"twitter:data1\" content=\"1 minuta\" \/>\n<script type=\"application\/ld+json\" class=\"yoast-schema-graph\">{\"@context\":\"https:\\\/\\\/schema.org\",\"@graph\":[{\"@type\":\"WebPage\",\"@id\":\"https:\\\/\\\/zenkaisen.fr\\\/don\\\/\",\"url\":\"https:\\\/\\\/zenkaisen.fr\\\/don\\\/\",\"name\":\"Don - Le Zen de Kaisen\",\"isPartOf\":{\"@id\":\"https:\\\/\\\/zenkaisen.fr\\\/ru\\\/#website\"},\"primaryImageOfPage\":{\"@id\":\"https:\\\/\\\/zenkaisen.fr\\\/don\\\/#primaryimage\"},\"image\":{\"@id\":\"https:\\\/\\\/zenkaisen.fr\\\/don\\\/#primaryimage\"},\"thumbnailUrl\":\"https:\\\/\\\/zenkaisen.fr\\\/wp-content\\\/uploads\\\/2025\\\/12\\\/sangha.jpg\",\"datePublished\":\"2025-12-24T12:03:42+00:00\",\"dateModified\":\"2025-12-30T17:11:10+00:00\",\"breadcrumb\":{\"@id\":\"https:\\\/\\\/zenkaisen.fr\\\/don\\\/#breadcrumb\"},\"inLanguage\":\"pl-PL\",\"potentialAction\":[{\"@type\":\"ReadAction\",\"target\":[\"https:\\\/\\\/zenkaisen.fr\\\/don\\\/\"]}]},{\"@type\":\"ImageObject\",\"inLanguage\":\"pl-PL\",\"@id\":\"https:\\\/\\\/zenkaisen.fr\\\/don\\\/#primaryimage\",\"url\":\"https:\\\/\\\/zenkaisen.fr\\\/wp-content\\\/uploads\\\/2025\\\/12\\\/sangha.jpg\",\"contentUrl\":\"https:\\\/\\\/zenkaisen.fr\\\/wp-content\\\/uploads\\\/2025\\\/12\\\/sangha.jpg\",\"width\":2000,\"height\":1335},{\"@type\":\"BreadcrumbList\",\"@id\":\"https:\\\/\\\/zenkaisen.fr\\\/don\\\/#breadcrumb\",\"itemListElement\":[{\"@type\":\"ListItem\",\"position\":1,\"name\":\"Strona g\u0142\u00f3wna\",\"item\":\"https:\\\/\\\/zenkaisen.fr\\\/\"},{\"@type\":\"ListItem\",\"position\":2,\"name\":\"Don\"}]},{\"@type\":\"WebSite\",\"@id\":\"https:\\\/\\\/zenkaisen.fr\\\/ru\\\/#website\",\"url\":\"https:\\\/\\\/zenkaisen.fr\\\/ru\\\/\",\"name\":\"Le Zen de Kaisen\",\"description\":\"Zen\",\"publisher\":{\"@id\":\"https:\\\/\\\/zenkaisen.fr\\\/ru\\\/#organization\"},\"potentialAction\":[{\"@type\":\"SearchAction\",\"target\":{\"@type\":\"EntryPoint\",\"urlTemplate\":\"https:\\\/\\\/zenkaisen.fr\\\/ru\\\/?s={search_term_string}\"},\"query-input\":{\"@type\":\"PropertyValueSpecification\",\"valueRequired\":true,\"valueName\":\"search_term_string\"}}],\"inLanguage\":\"pl-PL\"},{\"@type\":\"Organization\",\"@id\":\"https:\\\/\\\/zenkaisen.fr\\\/ru\\\/#organization\",\"name\":\"Le Zen de Kaisen\",\"url\":\"https:\\\/\\\/zenkaisen.fr\\\/ru\\\/\",\"logo\":{\"@type\":\"ImageObject\",\"inLanguage\":\"pl-PL\",\"@id\":\"https:\\\/\\\/zenkaisen.fr\\\/ru\\\/#\\\/schema\\\/logo\\\/image\\\/\",\"url\":\"https:\\\/\\\/zenkaisen.fr\\\/wp-content\\\/uploads\\\/2025\\\/07\\\/logo.png\",\"contentUrl\":\"https:\\\/\\\/zenkaisen.fr\\\/wp-content\\\/uploads\\\/2025\\\/07\\\/logo.png\",\"width\":300,\"height\":300,\"caption\":\"Le Zen de Kaisen\"},\"image\":{\"@id\":\"https:\\\/\\\/zenkaisen.fr\\\/ru\\\/#\\\/schema\\\/logo\\\/image\\\/\"}}]}<\/script>\n<!-- \/ Yoast SEO plugin. -->","yoast_head_json":{"title":"Dar - Zen Kaisen","robots":{"index":"index","follow":"follow","max-snippet":"max-snippet:-1","max-image-preview":"max-image-preview:large","max-video-preview":"max-video-preview:-1"},"canonical":"https:\/\/zenkaisen.fr\/pl\/dar\/","og_locale":"pl_PL","og_type":"article","og_title":"Don - Le Zen de Kaisen","og_description":"Le Ma\u00eetre transmet l\u2019enseignement de mani\u00e8re d\u00e9sint\u00e9ress\u00e9. Si vous souhaitez lui exprimer votre reconnaissance par un don financier, voici le num\u00e9ro de compte. Merci. Compte bancaire:Titulaire du compte:Association HO SHO [&hellip;]","og_url":"https:\/\/zenkaisen.fr\/pl\/dar\/","og_site_name":"Le Zen de Kaisen","article_modified_time":"2025-12-30T17:11:10+00:00","og_image":[{"width":2000,"height":1335,"url":"https:\/\/zenkaisen.fr\/wp-content\/uploads\/2025\/12\/sangha.jpg","type":"image\/jpeg"}],"twitter_card":"summary_large_image","twitter_misc":{"Szacowany czas czytania":"1 minuta"},"schema":{"@context":"https:\/\/schema.org","@graph":[{"@type":"WebPage","@id":"https:\/\/zenkaisen.fr\/don\/","url":"https:\/\/zenkaisen.fr\/don\/","name":"Dar - Zen Kaisen","isPartOf":{"@id":"https:\/\/zenkaisen.fr\/ru\/#website"},"primaryImageOfPage":{"@id":"https:\/\/zenkaisen.fr\/don\/#primaryimage"},"image":{"@id":"https:\/\/zenkaisen.fr\/don\/#primaryimage"},"thumbnailUrl":"https:\/\/zenkaisen.fr\/wp-content\/uploads\/2025\/12\/sangha.jpg","datePublished":"2025-12-24T12:03:42+00:00","dateModified":"2025-12-30T17:11:10+00:00","breadcrumb":{"@id":"https:\/\/zenkaisen.fr\/don\/#breadcrumb"},"inLanguage":"pl-PL","potentialAction":[{"@type":"ReadAction","target":["https:\/\/zenkaisen.fr\/don\/"]}]},{"@type":"ImageObject","inLanguage":"pl-PL","@id":"https:\/\/zenkaisen.fr\/don\/#primaryimage","url":"https:\/\/zenkaisen.fr\/wp-content\/uploads\/2025\/12\/sangha.jpg","contentUrl":"https:\/\/zenkaisen.fr\/wp-content\/uploads\/2025\/12\/sangha.jpg","width":2000,"height":1335},{"@type":"BreadcrumbList","@id":"https:\/\/zenkaisen.fr\/don\/#breadcrumb","itemListElement":[{"@type":"ListItem","position":1,"name":"Strona g\u0142\u00f3wna","item":"https:\/\/zenkaisen.fr\/"},{"@type":"ListItem","position":2,"name":"Don"}]},{"@type":"WebSite","@id":"https:\/\/zenkaisen.fr\/ru\/#website","url":"https:\/\/zenkaisen.fr\/ru\/","name":"Zen Kaisen","description":"Zen","publisher":{"@id":"https:\/\/zenkaisen.fr\/ru\/#organization"},"potentialAction":[{"@type":"SearchAction","target":{"@type":"EntryPoint","urlTemplate":"https:\/\/zenkaisen.fr\/ru\/?s={search_term_string}"},"query-input":{"@type":"PropertyValueSpecification","valueRequired":true,"valueName":"search_term_string"}}],"inLanguage":"pl-PL"},{"@type":"Organization","@id":"https:\/\/zenkaisen.fr\/ru\/#organization","name":"Zen Kaisen","url":"https:\/\/zenkaisen.fr\/ru\/","logo":{"@type":"ImageObject","inLanguage":"pl-PL","@id":"https:\/\/zenkaisen.fr\/ru\/#\/schema\/logo\/image\/","url":"https:\/\/zenkaisen.fr\/wp-content\/uploads\/2025\/07\/logo.png","contentUrl":"https:\/\/zenkaisen.fr\/wp-content\/uploads\/2025\/07\/logo.png","width":300,"height":300,"caption":"Le Zen de Kaisen"},"image":{"@id":"https:\/\/zenkaisen.fr\/ru\/#\/schema\/logo\/image\/"}}]}},"_links":{"self":[{"href":"https:\/\/zenkaisen.fr\/pl\/wp-json\/wp\/v2\/pages\/2463","targetHints":{"allow":["GET"]}}],"collection":[{"href":"https:\/\/zenkaisen.fr\/pl\/wp-json\/wp\/v2\/pages"}],"about":[{"href":"https:\/\/zenkaisen.fr\/pl\/wp-json\/wp\/v2\/types\/page"}],"author":[{"embeddable":true,"href":"https:\/\/zenkaisen.fr\/pl\/wp-json\/wp\/v2\/users\/4"}],"replies":[{"embeddable":true,"href":"https:\/\/zenkaisen.fr\/pl\/wp-json\/wp\/v2\/comments?post=2463"}],"version-history":[{"count":4,"href":"https:\/\/zenkaisen.fr\/pl\/wp-json\/wp\/v2\/pages\/2463\/revisions"}],"predecessor-version":[{"id":2537,"href":"https:\/\/zenkaisen.fr\/pl\/wp-json\/wp\/v2\/pages\/2463\/revisions\/2537"}],"wp:featuredmedia":[{"embeddable":true,"href":"https:\/\/zenkaisen.fr\/pl\/wp-json\/wp\/v2\/media\/2466"}],"wp:attachment":[{"href":"https:\/\/zenkaisen.fr\/pl\/wp-json\/wp\/v2\/media?parent=2463"}],"curies":[{"name":"wp","href":"https:\/\/api.w.org\/{rel}","templated":true}]}}